{"id":500,"date":"2016-07-10T16:41:09","date_gmt":"2016-07-10T14:41:09","guid":{"rendered":"http:\/\/www.giteslelancelot.nl\/?page_id=500"},"modified":"2020-06-09T14:01:08","modified_gmt":"2020-06-09T12:01:08","slug":"les-gites-le-lancelot-vous-accueillent-pour-un-sejour-inoubliable","status":"publish","type":"page","link":"https:\/\/www.giteslelancelot.nl\/fr\/","title":{"rendered":"Home Frans"},"content":{"rendered":"<h2>Gites Le Lancelot<\/h2>\n<p>Les G\u00eetes Le Lancelot se trouvent dans les Monts de la Madeleine, plus pr\u00e9cis\u00e9ment dans le petit village pittoresque d&rsquo;Ambierle situ\u00e9 au c\u0153ur de la magnifique r\u00e9gion viticole de la <span style=\"text-decoration: underline;\"><span style=\"color: #6c6c6c;\"><a style=\"color: #6c6c6c;\" href=\"http:\/\/www.cote-roannaise.fr\/\"><strong>C\u00f4te Roannaise<\/strong><\/a><\/span><\/span>.<\/p>\n<p>Les g\u00eetes occupent un b\u00e2timent r\u00e9nov\u00e9 dans le style traditionnel. Le studio offre une vue imprenable sur l&rsquo;ancienne abbaye et la mairie. Les deux chambres familiales et la chambre 2 personnes ont, quant \u00e0 elles, vue sur la jolie place du village, l&rsquo;\u00e9glise, les montagnes et la vall\u00e9e.<\/p>\n<p>Les G\u00eetes Le Lancelot vous accueillent pour un s\u00e9jour inoubliable.<\/p>\n<p>Que vous souhaitiez partir \u00e0 la d\u00e9couverte de la r\u00e9gion, vous promener dans les collines, profiter du vin et des sp\u00e9cialit\u00e9s locales, faire une pause sur le chemin de Saint-Jacques-de-Compostelle voire sur celui de Saint Martin de Tours ou d\u00e9couvrir les sites Clunisiens, les G\u00eetes Le Lancelot se veulent un v\u00e9ritable havre de paix.<\/p>\n<p>Situ\u00e9s \u00e0 400\u00a0km au sud de Paris, les G\u00eetes Le Lancelot vous accueillent dans une ambiance typiquement fran\u00e7aise.\u00a0Les instructions peuvent \u00eatre saisies <a href=\"https:\/\/www.giteslelancelot.nl\/en\/contact\/\" target=\"_blank\" rel=\"noopener noreferrer\">ici via Google Maps<\/a>.<a href=\"http:\/\/www.giteslelancelot.nl\/\"><br \/><\/a><\/p>\n<p>\u00a0<\/p>\n\n\n<div class=\"wp-block-buttons is-layout-flex wp-block-buttons-is-layout-flex\">\n<div class=\"wp-block-button is-style-fill\"><a class=\"wp-block-button__link has-text-color has-very-light-gray-color has-background has-vivid-red-background-color\" href=\"https:\/\/www.giteslelancelot.nl\/corona-covid-19\/\" style=\"border-radius:7px\" target=\"_blank\" rel=\"noreferrer noopener\">Corona \/ Covid-19 info<\/a><\/div>\n<\/div>\n","protected":false},"excerpt":{"rendered":"<p>Gites Le Lancelot Les G\u00eetes Le Lancelot se trouvent dans les Monts de la Madeleine, plus pr\u00e9cis\u00e9ment dans le petit village pittoresque d&rsquo;Ambierle situ\u00e9 au c\u0153ur de la magnifique r\u00e9gion viticole de la C\u00f4te Roannaise. Les g\u00eetes occupent un b\u00e2timent r\u00e9nov\u00e9 dans le style traditionnel. Le studio offre une vue[&#8230;]<\/p>\n","protected":false},"author":2,"featured_media":0,"parent":0,"menu_order":0,"comment_status":"open","ping_status":"open","template":"template-homepage-1.php","meta":{"om_disable_all_campaigns":false,"_exactmetrics_skip_tracking":false,"_exactmetrics_sitenote_active":false,"_exactmetrics_sitenote_note":"","_exactmetrics_sitenote_category":0,"_monsterinsights_skip_tracking":false,"_monsterinsights_sitenote_active":false,"_monsterinsights_sitenote_note":"","_monsterinsights_sitenote_category":0,"_uf_show_specific_survey":0,"_uf_disable_surveys":false,"footnotes":""},"class_list":["post-500","page","type-page","status-publish","hentry"],"aioseo_notices":[],"_links":{"self":[{"href":"https:\/\/www.giteslelancelot.nl\/fr\/wp-json\/wp\/v2\/pages\/500","targetHints":{"allow":["GET"]}}],"collection":[{"href":"https:\/\/www.giteslelancelot.nl\/fr\/wp-json\/wp\/v2\/pages"}],"about":[{"href":"https:\/\/www.giteslelancelot.nl\/fr\/wp-json\/wp\/v2\/types\/page"}],"author":[{"embeddable":true,"href":"https:\/\/www.giteslelancelot.nl\/fr\/wp-json\/wp\/v2\/users\/2"}],"replies":[{"embeddable":true,"href":"https:\/\/www.giteslelancelot.nl\/fr\/wp-json\/wp\/v2\/comments?post=500"}],"version-history":[{"count":14,"href":"https:\/\/www.giteslelancelot.nl\/fr\/wp-json\/wp\/v2\/pages\/500\/revisions"}],"predecessor-version":[{"id":1101,"href":"https:\/\/www.giteslelancelot.nl\/fr\/wp-json\/wp\/v2\/pages\/500\/revisions\/1101"}],"wp:attachment":[{"href":"https:\/\/www.giteslelancelot.nl\/fr\/wp-json\/wp\/v2\/media?parent=500"}],"curies":[{"name":"wp","href":"https:\/\/api.w.org\/{rel}","templated":true}]}}