{"id":511,"date":"2016-07-11T13:48:59","date_gmt":"2016-07-11T11:48:59","guid":{"rendered":"http:\/\/www.giteslelancelot.nl\/?page_id=511"},"modified":"2023-07-18T20:29:24","modified_gmt":"2023-07-18T18:29:24","slug":"contact","status":"publish","type":"page","link":"https:\/\/www.giteslelancelot.nl\/fr\/contact\/","title":{"rendered":"Contact"},"content":{"rendered":"\n<p><iframe src=\"https:\/\/www.google.com\/maps\/embed?pb=!1m18!1m12!1m3!1d2766.318833134475!2d3.894155715102893!3d46.10455349850772!2m3!1f0!2f0!3f0!3m2!1i1024!2i768!4f13.1!3m3!1m2!1s0x47f6aa7e2ae1df67%3A0x96e2759deb52a7c2!2sGites+Le+Lancelot!5e0!3m2!1snl!2snl!4v1533115329447\" width=\"600\" height=\"450\" frameborder=\"0\" allowfullscreen=\"allowfullscreen\"><\/iframe><\/p>\n<h3>Comment se rendre au G\u00eetes Le Lancelot&nbsp;?<\/h3>\n<p>Les G\u00eetes Le Lancelot se trouvent \u00e0 Ambierle, \u00e0 400&nbsp;km au sud de Paris.<\/p>\nLes villes les plus proches sont Roanne, situ\u00e9e \u00e0 15&nbsp;km d&rsquo;Ambierle, Vichy \u00e0 37&nbsp;km ainsi que Joux et Paray-le-Monial, toutes deux situ\u00e9es \u00e0 42&nbsp;km des G\u00eetes Le Lancelot.<br>\nLes a\u00e9roports de Clermont-Ferrand Auvergne et Lyon-Saint-Exup\u00e9ry se trouvent respectivement \u00e0 66&nbsp;km et 100&nbsp;km d&rsquo;Ambierle.<br>\nAmbierle est un des villages de caract\u00e8re du d\u00e9partement de la Loire qui appartient d\u00e9sormais \u00e0 la r\u00e9gion Auvergne-Rh\u00f4ne-Alpes. Les villages de caract\u00e8re sont des communes caract\u00e9ris\u00e9es par leur ambiance typiquement fran\u00e7aise.\n<p>&nbsp;<\/p>\n","protected":false},"excerpt":{"rendered":"<p>Comment se rendre au G\u00eetes Le Lancelot&nbsp;? Les G\u00eetes Le Lancelot se trouvent \u00e0 Ambierle, \u00e0 400&nbsp;km au sud de Paris. Les villes les plus proches sont Roanne, situ\u00e9e \u00e0 15&nbsp;km d&rsquo;Ambierle, Vichy \u00e0 37&nbsp;km ainsi que Joux et Paray-le-Monial, toutes deux situ\u00e9es \u00e0 42&nbsp;km des G\u00eetes Le Lancelot. Les[&#8230;]<\/p>\n","protected":false},"author":2,"featured_media":0,"parent":0,"menu_order":0,"comment_status":"open","ping_status":"open","template":"template-contact.php","meta":{"om_disable_all_campaigns":false,"_exactmetrics_skip_tracking":false,"_exactmetrics_sitenote_active":false,"_exactmetrics_sitenote_note":"","_exactmetrics_sitenote_category":0,"_monsterinsights_skip_tracking":false,"_monsterinsights_sitenote_active":false,"_monsterinsights_sitenote_note":"","_monsterinsights_sitenote_category":0,"_uf_show_specific_survey":0,"_uf_disable_surveys":false,"footnotes":""},"class_list":["post-511","page","type-page","status-publish","hentry"],"aioseo_notices":[],"_links":{"self":[{"href":"https:\/\/www.giteslelancelot.nl\/fr\/wp-json\/wp\/v2\/pages\/511","targetHints":{"allow":["GET"]}}],"collection":[{"href":"https:\/\/www.giteslelancelot.nl\/fr\/wp-json\/wp\/v2\/pages"}],"about":[{"href":"https:\/\/www.giteslelancelot.nl\/fr\/wp-json\/wp\/v2\/types\/page"}],"author":[{"embeddable":true,"href":"https:\/\/www.giteslelancelot.nl\/fr\/wp-json\/wp\/v2\/users\/2"}],"replies":[{"embeddable":true,"href":"https:\/\/www.giteslelancelot.nl\/fr\/wp-json\/wp\/v2\/comments?post=511"}],"version-history":[{"count":9,"href":"https:\/\/www.giteslelancelot.nl\/fr\/wp-json\/wp\/v2\/pages\/511\/revisions"}],"predecessor-version":[{"id":1777,"href":"https:\/\/www.giteslelancelot.nl\/fr\/wp-json\/wp\/v2\/pages\/511\/revisions\/1777"}],"wp:attachment":[{"href":"https:\/\/www.giteslelancelot.nl\/fr\/wp-json\/wp\/v2\/media?parent=511"}],"curies":[{"name":"wp","href":"https:\/\/api.w.org\/{rel}","templated":true}]}}