{"id":513,"date":"2016-07-11T14:02:45","date_gmt":"2016-07-11T12:02:45","guid":{"rendered":"http:\/\/www.giteslelancelot.nl\/?page_id=513"},"modified":"2020-06-09T11:10:31","modified_gmt":"2020-06-09T09:10:31","slug":"a-propos-de-nous","status":"publish","type":"page","link":"https:\/\/www.giteslelancelot.nl\/fr\/a-propos-de-nous\/","title":{"rendered":"\u00c0 propos de nous"},"content":{"rendered":"\n\t<p>En mauvais \u00e9tat, la b\u00e2tisse Lancelot a \u00e9t\u00e9 enti\u00e8rement restaur\u00e9e en 2015 \u00e0 la demande des nouveaux propri\u00e9taires n\u00e9erlandais Ester Kalis et Jan van der Steenhoven. Mais c&rsquo;est en 2001 qu&rsquo;ils tombent amoureux de la r\u00e9gion.<\/p>\n<p>Quand le pr\u00e9c\u00e9dent exploitant du restaurant a mis la cl\u00e9 sous la porte en 2013, Ester et Jan ont saut\u00e9 sur l&rsquo;occasion de concr\u00e9tiser leur r\u00eave en faisant r\u00e9nover cette b\u00e2tisse classique par un architecte local afin d&rsquo;ouvrir un somptueux B&amp;B.<\/p>\n<p>Ainsi se dotait Ambierle, village pittoresque nich\u00e9 au milieu de somptueuses vall\u00e9es, d&rsquo;une nouvelle adresse pour permettre \u00e0 ses visiteurs de passer une bonne nuit de sommeil.<\/p>\n<p>Le g\u00eete et les chambres offrent tout le confort moderne et affichent une jolie authenticit\u00e9. Les vieilles pierres, le parquet et les poutres en bois dans les chambres cr\u00e9ent une atmosph\u00e8re chaleureuse. La fa\u00e7ade d&rsquo;origine du b\u00e2timent est rest\u00e9e intacte afin de prot\u00e9ger le patrimoine d&rsquo;Ambierle et de pr\u00e9server l&rsquo;harmonie architecturale avec les autres b\u00e2timents historiques de la commune, comme l&rsquo;ancienne abbaye.<\/p>\n<p>Virginie Cottin s\u2019occupe d\u00e8s juin 2020 du caf\u00e9\/restaurant Auberge Le Lancelot et accueille les clients des G\u00eetes le Lancelot.<\/p>\n<p><a href=\"http:\/\/www.giteslelancelot.nl\/wp-content\/uploads\/2020\/06\/DSC8285-1-scaled.jpg\" data-rel=\"prettyPhoto[513]\"><img fetchpriority=\"high\" decoding=\"async\" src=\"http:\/\/www.giteslelancelot.nl\/wp-content\/uploads\/2020\/06\/DSC8285-1-scaled.jpg\" alt=\"\" width=\"2560\" height=\"1708\" \/><\/a><\/p>\n<p><a href=\"http:\/\/www.giteslelancelot.nl\/wp-content\/uploads\/2020\/06\/PHOTO-2020-06-07-20-03-47.jpg\" data-rel=\"prettyPhoto[513]\"><img decoding=\"async\" src=\"http:\/\/www.giteslelancelot.nl\/wp-content\/uploads\/2020\/06\/PHOTO-2020-06-07-20-03-47.jpg\" alt=\"\" width=\"576\" height=\"1024\" \/><\/a><\/p>\n","protected":false},"excerpt":{"rendered":"<p>En mauvais \u00e9tat, la b\u00e2tisse Lancelot a \u00e9t\u00e9 enti\u00e8rement restaur\u00e9e en 2015 \u00e0 la demande des nouveaux propri\u00e9taires n\u00e9erlandais Ester Kalis et Jan van der Steenhoven. Mais c&rsquo;est en 2001 qu&rsquo;ils tombent amoureux de la r\u00e9gion. Quand le pr\u00e9c\u00e9dent exploitant du restaurant a mis la cl\u00e9 sous la porte en[&#8230;]<\/p>\n","protected":false},"author":2,"featured_media":0,"parent":0,"menu_order":0,"comment_status":"closed","ping_status":"closed","template":"template-fullwidth.php","meta":{"om_disable_all_campaigns":false,"_exactmetrics_skip_tracking":false,"_exactmetrics_sitenote_active":false,"_exactmetrics_sitenote_note":"","_exactmetrics_sitenote_category":0,"_monsterinsights_skip_tracking":false,"_monsterinsights_sitenote_active":false,"_monsterinsights_sitenote_note":"","_monsterinsights_sitenote_category":0,"_uf_show_specific_survey":0,"_uf_disable_surveys":false,"footnotes":""},"class_list":["post-513","page","type-page","status-publish","hentry"],"aioseo_notices":[],"_links":{"self":[{"href":"https:\/\/www.giteslelancelot.nl\/fr\/wp-json\/wp\/v2\/pages\/513","targetHints":{"allow":["GET"]}}],"collection":[{"href":"https:\/\/www.giteslelancelot.nl\/fr\/wp-json\/wp\/v2\/pages"}],"about":[{"href":"https:\/\/www.giteslelancelot.nl\/fr\/wp-json\/wp\/v2\/types\/page"}],"author":[{"embeddable":true,"href":"https:\/\/www.giteslelancelot.nl\/fr\/wp-json\/wp\/v2\/users\/2"}],"replies":[{"embeddable":true,"href":"https:\/\/www.giteslelancelot.nl\/fr\/wp-json\/wp\/v2\/comments?post=513"}],"version-history":[{"count":8,"href":"https:\/\/www.giteslelancelot.nl\/fr\/wp-json\/wp\/v2\/pages\/513\/revisions"}],"predecessor-version":[{"id":1016,"href":"https:\/\/www.giteslelancelot.nl\/fr\/wp-json\/wp\/v2\/pages\/513\/revisions\/1016"}],"wp:attachment":[{"href":"https:\/\/www.giteslelancelot.nl\/fr\/wp-json\/wp\/v2\/media?parent=513"}],"curies":[{"name":"wp","href":"https:\/\/api.w.org\/{rel}","templated":true}]}}