{"id":518,"date":"2016-07-11T14:10:28","date_gmt":"2016-07-11T12:10:28","guid":{"rendered":"http:\/\/www.giteslelancelot.nl\/?page_id=518"},"modified":"2016-07-14T19:32:33","modified_gmt":"2016-07-14T17:32:33","slug":"environs","status":"publish","type":"page","link":"https:\/\/www.giteslelancelot.nl\/fr\/environs\/","title":{"rendered":"Environs"},"content":{"rendered":"<p>Les environs des G\u00eetes Le Lancelot offrent un terrain de jeu id\u00e9al pour randonner dans les collines et au bord des vignobles. Ressourcez-vous et profitez pleinement de vos vacances dans cette r\u00e9gion calme situ\u00e9e en pleine nature. La pollution lumineuse y est minime, ce qui vous permet de contempler chaque soir un magnifique ciel \u00e9toil\u00e9.<\/p>\n<p>Cette r\u00e9gion se caract\u00e9rise en outre, comme l&rsquo;ensemble du territoire fran\u00e7ais d&rsquo;ailleurs, par une gastronomie haut de gamme et de nombreux restaurants de qualit\u00e9, parmi lesquels deux \u00e9tablissements \u00e9toil\u00e9s au guide Michelin. Qui plus est, de nombreuses adresses proposent de d\u00e9guster les vins locaux.<\/p>\n<p>Ambierle se trouve non loin de la Loire et de plusieurs lacs de barrage, pour le plus grand plaisir des amateurs d&rsquo;activit\u00e9s aquatiques. Sans oublier les magnifiques abbayes et couvents (sites Clunisiens) qui vous ouvrent leurs portes. Vous pouvez \u00e9galement visiter le Ch\u00e2teau de Saint-Priest-la-Roche qui se dresse sur une \u00eele apparue apr\u00e8s la construction du barrage de Villerest.<\/p>\n<p><a href=\"http:\/\/www.giteslelancelot.nl\/wp-content\/uploads\/2016\/05\/Kasteel.jpg\" data-rel=\"prettyPhoto[518]\"><img fetchpriority=\"high\" decoding=\"async\" class=\"alignnone wp-image-471 size-full\" src=\"http:\/\/www.giteslelancelot.nl\/wp-content\/uploads\/2016\/05\/Kasteel.jpg\" alt=\"Kasteel\" width=\"2000\" height=\"1297\" srcset=\"https:\/\/www.giteslelancelot.nl\/wp-content\/uploads\/2016\/05\/Kasteel.jpg 2000w, https:\/\/www.giteslelancelot.nl\/wp-content\/uploads\/2016\/05\/Kasteel-300x195.jpg 300w, https:\/\/www.giteslelancelot.nl\/wp-content\/uploads\/2016\/05\/Kasteel-768x498.jpg 768w, https:\/\/www.giteslelancelot.nl\/wp-content\/uploads\/2016\/05\/Kasteel-1024x664.jpg 1024w\" sizes=\"(max-width: 2000px) 100vw, 2000px\" \/><\/a><\/p>\n<p>Les amateurs de sport adorent eux aussi la r\u00e9gion. Tandis que les cyclistes partent \u00e0 l&rsquo;assaut des nombreux reliefs de la r\u00e9gion en \u00e9t\u00e9, les amateurs de glisse se tournent en hiver vers les petites stations de ski situ\u00e9es \u00e0 proximit\u00e9 (30-45 minutes).<\/p>\n<p>\u00c0 votre arriv\u00e9e, nous vous offrons des brochures qui d\u00e9crivent les attractions et les activit\u00e9s propos\u00e9es dans la r\u00e9gion d&rsquo;Ambierle. Quelques exemples pour vous mettre l&rsquo;eau \u00e0 la bouche&#8230;<\/p>\n<h1>Nature<\/h1>\n<ul>\n<li>La r\u00e9gion Rh\u00f4ne-Alpes se caract\u00e9rise par ses rivi\u00e8res, ses ch\u00e2teaux et ses somptueuses vall\u00e9es.<\/li>\n<li>La r\u00e9gion est \u00e9galement tr\u00e8s arbor\u00e9e, avec la For\u00eat communale d&rsquo;Ambierle et la For\u00eat de Lespinasse (8\u00a0km) notamment.<\/li>\n<\/ul>\n<h1>Sport<\/h1>\n<ul>\n<li>Les vacanciers les plus sportifs appr\u00e9cient les nombreuses randonn\u00e9es p\u00e9destres et cyclables que propose la r\u00e9gion.<\/li>\n<li>Cano\u00eb, rafting, p\u00eache et autres sports aquatiques, comme la natation, sont \u00e9galement au programme.<\/li>\n<li>Sans oublier le golf et le saut en parachute.<\/li>\n<li>En hiver, direction les pistes de ski.\u00a0<strong><span style=\"text-decoration: underline; color: #808080;\"><a style=\"color: #808080; text-decoration: underline;\" href=\"http:\/\/www.france-voyage.com\/frankrijk-steden\/laprugne-10404\/skistation-loges-garde-25895.htm\">La station de ski Les Loges la Garde<\/a><\/span><\/strong>\u00a0se trouve \u00e0 2\u00a0km d&rsquo;Ambierle.<\/li>\n<li>Le man\u00e8ge d&rsquo;Ambierle vous propose \u00e9galement, contre paiement, de d\u00e9couvrir la r\u00e9gion \u00e0 dos de cheval.<\/li>\n<\/ul>\n<h1>Culture<\/h1>\n<ul>\n<li>La r\u00e9gion regorge de villages m\u00e9di\u00e9vaux qui valent la peine d&rsquo;\u00eatre d\u00e9couverts. Voyagez dans le temps en arpentant les rues pav\u00e9es de ces villages rustiques fig\u00e9s dans le pass\u00e9.<\/li>\n<li>Les citadins et les amateurs de shopping peuvent visiter les magnifiques villes de Vichy (37\u00a0km), Roanne ou Clermont-Ferrand (66\u00a0km).<\/li>\n<li>Vous aimez les mus\u00e9es\u00a0? Ne ratez pas le mus\u00e9e Alice Taverne. Vous pourrez y d\u00e9couvrir la vie quotidienne et les traditions du Roannais aux XIXe\u00a0et XXe si\u00e8cles.\u00a0Le mus\u00e9e comporte plusieurs salles th\u00e9matiques qui pr\u00e9sentent la r\u00e9gion dans le d\u00e9tail.\u00a0<strong><span style=\"text-decoration: underline;\"><span style=\"color: #808080;\"><a style=\"color: #808080; text-decoration: underline;\" href=\"http:\/\/www.france-voyage.com\/frankrijk-steden\/ambierle-14881\/museum-alice-taverne-4610.htm\">Le mus\u00e9e Alice Taverne<\/a><\/span><\/span><\/strong>\u00a0se trouve \u00e0 Ambierle.<\/li>\n<li>Un c\u00e9l\u00e8bre coutelier vous ouvre les portes de son atelier situ\u00e9 \u00e0 28\u00a0km d&rsquo;Ambierle.<\/li>\n<li>Ambierle porte depuis 2007 le titre de village du livre. Le village compte plusieurs libraires, galeries et ateliers artisanaux que vous pouvez visiter tout au long de l&rsquo;ann\u00e9e. Quatre march\u00e9s du livre y sont organis\u00e9s chaque ann\u00e9e.<\/li>\n<li>Les all\u00e9es du march\u00e9 d&rsquo;\u00e9t\u00e9, qui a lieu tous les vendredis en juillet et en ao\u00fbt, sont tr\u00e8s agr\u00e9ables \u00e0 arpenter. Les gens viennent de loin pour visiter ce march\u00e9 tr\u00e8s populaire.<\/li>\n<\/ul>\n<h1>Gastronomie<\/h1>\n<ul>\n<li>Ambierle et ses environs comptent plusieurs restaurants de qualit\u00e9, dont l&rsquo;\u00e9tablissement\u00a0<strong><span style=\"text-decoration: underline;\"><span style=\"color: #808080;\"><a style=\"color: #808080; text-decoration: underline;\" href=\"http:\/\/aubergelelancelot.fr\/\">Auberge Le Lancelot<\/a><\/span><\/span><\/strong> fait partie.<\/li>\n<li>Pour d\u00e9couvrir la haute cuisine fran\u00e7aise, vous pouvez r\u00e9server une table au restaurant une \u00e9toile Michelin Le Prieur\u00e9, situ\u00e9 \u00e0 50\u00a0m\u00e8tres des g\u00eetes. Le chef Thierry Fernandes est aux commandes.<\/li>\n<li>Ambierle et ses environs comptent deux restaurants \u00e9toil\u00e9s. \u00c0 Roanne se trouve la Maison Troisgros, un restaurant class\u00e9 8<sup>\u00e8me<\/sup>\u00a0sur La Liste (des 1\u00a0000 meilleurs restaurants du monde) qui affiche trois \u00e9toiles Michelin depuis 50\u00a0ans. Michel Troisgros est le chef de ce restaurant o\u00f9 nombre de gastronomes r\u00eavent de s&rsquo;attabler et qui fait partie des meilleurs restaurants du pays.<\/li>\n<li>Autre restaurant tr\u00e8s r\u00e9put\u00e9, le Ch\u00e2teau de Champlong \u00e0 Villerest. Le prix moyen d&rsquo;un menu \u00e0 la carte s&rsquo;\u00e9l\u00e8ve \u00e0 \u20ac\u00a073.<\/li>\n<li>La r\u00e9gion de la Loire est connue pour ses nombreux vignobles. La r\u00e9gion viticole la plus proche d&rsquo;Ambierle est la C\u00f4te Roannaise, caract\u00e9ris\u00e9e par ses vins rouge et ros\u00e9 de Gamay (m\u00eame c\u00e9page que pour le Beaujolais).\u00a0<strong><span style=\"text-decoration: underline;\"><span style=\"color: #808080;\"><a style=\"color: #808080; text-decoration: underline;\" href=\"http:\/\/www.alainbaillon.fr\/\">Alain Baillon<\/a><\/span><\/span><\/strong>\u00a0est un vigneron d&rsquo;Ambierle qui produit un magnifique C\u00f4te Roannaise. Alain et ses coll\u00e8gues vous accueillent volontiers pour vous faire d\u00e9guster leur production. Quant \u00e0 nous, nous nous faisons un plaisir de faire les pr\u00e9sentations.<\/li>\n<\/ul>\n<p><a href=\"http:\/\/www.giteslelancelot.nl\/wp-content\/uploads\/2016\/05\/20160401-IMG_3843.jpg\" data-rel=\"prettyPhoto[518]\"><img decoding=\"async\" src=\"http:\/\/www.giteslelancelot.nl\/wp-content\/uploads\/2016\/05\/20160401-IMG_3843-950x472.jpg\" alt=\"20160401-IMG_3843\" width=\"700\" height=\"348\" \/><\/a><\/p>\n<p><a href=\"http:\/\/www.giteslelancelot.nl\/wp-content\/uploads\/2014\/03\/IMG_1250.jpg\" data-rel=\"prettyPhoto[518]\" rel=\"attachment wp-att-282\"><img decoding=\"async\" src=\"http:\/\/www.giteslelancelot.nl\/wp-content\/uploads\/2014\/03\/IMG_1250-1024x767.jpg\" alt=\"IMG_1250\" width=\"700\" height=\"524\" \/><\/a><\/p>\n<p><a href=\"http:\/\/www.giteslelancelot.nl\/wp-content\/uploads\/2014\/03\/IMG_2998.jpg\" data-rel=\"prettyPhoto[518]\" rel=\"attachment wp-att-283\"><img loading=\"lazy\" decoding=\"async\" src=\"http:\/\/www.giteslelancelot.nl\/wp-content\/uploads\/2014\/03\/IMG_2998-950x640.jpg\" alt=\"IMG_2998\" width=\"700\" height=\"472\" \/><\/a><\/p>\n<p><img loading=\"lazy\" decoding=\"async\" src=\"http:\/\/www.giteslelancelot.nl\/wp-content\/uploads\/2014\/03\/13087398_1545348995759924_619364083013403854_n.jpg\" alt=\"13087398_1545348995759924_619364083013403854_n\" width=\"700\" height=\"868\" \/><\/p>\n<p>&nbsp;<\/p>\n<p>&nbsp;<\/p>\n","protected":false},"excerpt":{"rendered":"<p>Les environs des G\u00eetes Le Lancelot offrent un terrain de jeu id\u00e9al pour randonner dans les collines et au bord des vignobles. Ressourcez-vous et profitez pleinement de vos vacances dans cette r\u00e9gion calme situ\u00e9e en pleine nature. La pollution lumineuse y est minime, ce qui vous permet de contempler chaque[&#8230;]<\/p>\n","protected":false},"author":2,"featured_media":0,"parent":0,"menu_order":0,"comment_status":"open","ping_status":"open","template":"template-fullwidth.php","meta":{"om_disable_all_campaigns":false,"_exactmetrics_skip_tracking":false,"_exactmetrics_sitenote_active":false,"_exactmetrics_sitenote_note":"","_exactmetrics_sitenote_category":0,"_monsterinsights_skip_tracking":false,"_monsterinsights_sitenote_active":false,"_monsterinsights_sitenote_note":"","_monsterinsights_sitenote_category":0,"_uf_show_specific_survey":0,"_uf_disable_surveys":false,"footnotes":""},"class_list":["post-518","page","type-page","status-publish","hentry"],"aioseo_notices":[],"_links":{"self":[{"href":"https:\/\/www.giteslelancelot.nl\/fr\/wp-json\/wp\/v2\/pages\/518","targetHints":{"allow":["GET"]}}],"collection":[{"href":"https:\/\/www.giteslelancelot.nl\/fr\/wp-json\/wp\/v2\/pages"}],"about":[{"href":"https:\/\/www.giteslelancelot.nl\/fr\/wp-json\/wp\/v2\/types\/page"}],"author":[{"embeddable":true,"href":"https:\/\/www.giteslelancelot.nl\/fr\/wp-json\/wp\/v2\/users\/2"}],"replies":[{"embeddable":true,"href":"https:\/\/www.giteslelancelot.nl\/fr\/wp-json\/wp\/v2\/comments?post=518"}],"version-history":[{"count":7,"href":"https:\/\/www.giteslelancelot.nl\/fr\/wp-json\/wp\/v2\/pages\/518\/revisions"}],"predecessor-version":[{"id":688,"href":"https:\/\/www.giteslelancelot.nl\/fr\/wp-json\/wp\/v2\/pages\/518\/revisions\/688"}],"wp:attachment":[{"href":"https:\/\/www.giteslelancelot.nl\/fr\/wp-json\/wp\/v2\/media?parent=518"}],"curies":[{"name":"wp","href":"https:\/\/api.w.org\/{rel}","templated":true}]}}