{"id":521,"date":"2016-07-11T14:17:13","date_gmt":"2016-07-11T12:17:13","guid":{"rendered":"http:\/\/www.giteslelancelot.nl\/?page_id=521"},"modified":"2022-11-09T23:55:54","modified_gmt":"2022-11-09T22:55:54","slug":"nos-chambres","status":"publish","type":"page","link":"https:\/\/www.giteslelancelot.nl\/fr\/nos-chambres\/","title":{"rendered":"Nos chambres"},"content":{"rendered":"<p>R\u00e9cemment, les G\u00eetes ont \u00e9t\u00e9 enti\u00e8rement r\u00e9nov\u00e9s et pourvus de tout le confort moderne.<\/p>\n<p>Toutes les chambres sont \u00e9quip\u00e9es de lits Queen Size extr\u00eamement confortables \u00e0 utiliser en configuration deux lits 1 personne (90 x 200) ou un lit 2 personnes (180 x 200). La nuit de repos sera douce.<\/p>\n<p>Les G\u00eetes Le Lancelot conviennent aux clients de tout \u00e2ge.\u00a0Deux chambres familiales confortables attendent les familles avec enfants.<\/p>\n<p>Ces deux\u00a0<strong>chambres familiales<\/strong>\u00a0pr\u00e9sentent un vaste entresol o\u00f9 peuvent s&rsquo;assoupir les parents ou les enfants. En outre, les G\u00eetes proposent un\u00a0<strong>Studio<\/strong>\u00a0avec 2 lits, une douche et une kitchenette ainsi qu&rsquo;une\u00a0<strong>chambre double Deluxe<\/strong>\u00a0avec lit King Size.<\/p>\n<h4><\/h4>\n<h2><span style=\"color: #6b6464;\"><a style=\"color: #6b6464;\" href=\"https:\/\/www.giteslelancelot.nl\/fr\/room\/chambre-double-deluxe-tournesol\/\" target=\"_blank\" rel=\"noopener\"><br \/>\n<span style=\"color: #6c6c6c;\">Chambre double Deluxe Tournesol avec vue sur la vallee, les montagnes et la place du village<\/span><\/a><span style=\"color: #6c6c6c;\">.<\/span><\/span><\/h2>\n<p>Pour obtenir de plus amples informations, conna\u00eetre le prix des chambres et r\u00e9server\u00a0:\u00a0<span style=\"color: #6c6c6c;\"><strong><span style=\"text-decoration: underline;\"><a style=\"color: #6c6c6c; text-decoration: underline;\" href=\"https:\/\/www.giteslelancelot.nl\/fr\/room\/chambre-double-deluxe-tournesol\/\" target=\"_blank\" rel=\"noopener\">cliquez ici<\/a><\/span><\/strong><\/span>.<\/p>\n<p><a href=\"http:\/\/www.giteslelancelot.nl\/wp-content\/uploads\/2014\/03\/IMG_3420.jpg\" data-rel=\"prettyPhoto[521]\"><img fetchpriority=\"high\" decoding=\"async\" src=\"http:\/\/www.giteslelancelot.nl\/wp-content\/uploads\/2014\/03\/IMG_3420-950x640.jpg\" width=\"700\" height=\"472\" \/><\/a><\/p>\n<p><a href=\"http:\/\/www.giteslelancelot.nl\/wp-content\/uploads\/2014\/03\/IMG_3400-1.jpg\" data-rel=\"prettyPhoto[521]\" rel=\"attachment wp-att-328\"><img decoding=\"async\" src=\"http:\/\/www.giteslelancelot.nl\/wp-content\/uploads\/2014\/03\/IMG_3400-1-950x640.jpg\" alt=\"IMG_3400\" width=\"700\" height=\"472\" \/><\/a><\/p>\n<h2><span style=\"color: #5e5656;\"><a style=\"color: #5e5656;\" href=\"https:\/\/www.giteslelancelot.nl\/room\/studio-rose\/\"><br \/>\n<span style=\"color: #6c6c6c;\">Studio Rose avec lit King Size et vue sur l&rsquo;abbaye.<\/span><\/a><\/span><\/h2>\n<p>Pour obtenir de plus amples informations, conna\u00eetre le prix des chambres et r\u00e9server\u00a0:\u00a0<span style=\"text-decoration: underline; color: #6c6c6c;\"><a style=\"color: #6c6c6c;\" href=\"https:\/\/www.giteslelancelot.nl\/room\/studio-rose\/\" target=\"_blank\" rel=\"noopener\"><strong>cliquez ici<\/strong><\/a><\/span>.<\/p>\n<p><a href=\"http:\/\/www.giteslelancelot.nl\/wp-content\/uploads\/2016\/01\/IMG_4005-e1460369657755.jpg\" data-rel=\"prettyPhoto[521]\" rel=\"attachment wp-att-292\"><img decoding=\"async\" src=\"http:\/\/www.giteslelancelot.nl\/wp-content\/uploads\/2016\/01\/IMG_4005-e1460369657755-950x640.jpg\" alt=\"IMG_4005\" width=\"700\" height=\"472\" \/><\/a><\/p>\n<p><a href=\"http:\/\/www.giteslelancelot.nl\/wp-content\/uploads\/2016\/01\/IMG_3979.jpg\" data-rel=\"prettyPhoto[521]\" rel=\"attachment wp-att-293\"><img loading=\"lazy\" decoding=\"async\" src=\"http:\/\/www.giteslelancelot.nl\/wp-content\/uploads\/2016\/01\/IMG_3979-950x640.jpg\" alt=\"IMG_3979\" width=\"700\" height=\"472\" \/><\/a><\/p>\n<h2><span style=\"color: #5e5656;\"><a style=\"color: #5e5656;\" href=\"https:\/\/www.giteslelancelot.nl\/fr\/room\/chambre-familiale-fleur-de-lys\/\"><br \/>\n<span style=\"color: #6c6c6c;\">Chambre familiale Fleur de Lys avec vue sur la vall\u00e9e et les montagnes<strong>.<\/strong><\/span><\/a><\/span><\/h2>\n<p>Pour obtenir de plus amples informations, conna\u00eetre le prix des chambres et r\u00e9server\u00a0:\u00a0<span style=\"text-decoration: underline; color: #6c6c6c;\"><a style=\"color: #6c6c6c;\" href=\"https:\/\/www.giteslelancelot.nl\/fr\/room\/chambre-familiale-fleur-de-lys\/\" target=\"_blank\" rel=\"noopener\"><strong>cliquez ici<\/strong><\/a><\/span>.<\/p>\n<p><a href=\"http:\/\/www.giteslelancelot.nl\/wp-content\/uploads\/2014\/03\/IMG_3652.jpg\" data-rel=\"prettyPhoto[521]\" rel=\"attachment wp-att-298\"><img loading=\"lazy\" decoding=\"async\" src=\"http:\/\/www.giteslelancelot.nl\/wp-content\/uploads\/2014\/03\/IMG_3652-950x640.jpg\" alt=\"IMG_3652\" width=\"700\" height=\"472\" \/><\/a><\/p>\n<p><img loading=\"lazy\" decoding=\"async\" src=\"http:\/\/www.giteslelancelot.nl\/wp-content\/uploads\/2014\/03\/IMG_3588-950x640.jpg\" alt=\"IMG_3588\" width=\"700\" height=\"472\" \/><\/p>\n<h2><span style=\"color: #5e5656;\"><a style=\"color: #5e5656;\" href=\"https:\/\/www.giteslelancelot.nl\/fr\/room\/chambre-familiale-lavande\/\"><br \/>\n<span style=\"color: #6c6c6c;\">Chambre familiale Lavande avec vue sur la vall\u00e9e et les montagnes<\/span><\/a><span style=\"color: #6c6c6c;\">.<\/span><\/span><\/h2>\n<p>Pour obtenir de plus amples informations, conna\u00eetre le prix des chambres et r\u00e9server\u00a0:\u00a0<span style=\"text-decoration: underline; color: #6c6c6c;\"><a style=\"color: #6c6c6c;\" href=\"https:\/\/www.giteslelancelot.nl\/fr\/room\/chambre-familiale-lavande\/\" target=\"_blank\" rel=\"noopener\"><strong>cliquez ici<\/strong><\/a><\/span>.<\/p>\n<p><a href=\"http:\/\/www.giteslelancelot.nl\/wp-content\/uploads\/2014\/03\/IMG_3444.jpg\" data-rel=\"prettyPhoto[521]\" rel=\"attachment wp-att-320\"><img loading=\"lazy\" decoding=\"async\" src=\"http:\/\/www.giteslelancelot.nl\/wp-content\/uploads\/2014\/03\/IMG_3444-950x640.jpg\" alt=\"IMG_3444\" width=\"700\" height=\"472\" \/><\/a><\/p>\n<p><a href=\"http:\/\/www.giteslelancelot.nl\/wp-content\/uploads\/2014\/03\/IMG_3483.jpg\" data-rel=\"prettyPhoto[521]\" rel=\"attachment wp-att-321\"><img loading=\"lazy\" decoding=\"async\" src=\"http:\/\/www.giteslelancelot.nl\/wp-content\/uploads\/2014\/03\/IMG_3483-950x640.jpg\" alt=\"IMG_3483\" width=\"700\" height=\"472\" \/><\/a><\/p>\n<h2><span style=\"color: #6c6c6c;\"><br \/>\nAutres caract\u00e9ristiques des G\u00eetes Le Lancelot.<\/span><\/h2>\n<p>Proc\u00e9dure d&rsquo;enregistrement et de d\u00e9part<\/p>\n<ul>\n<li>Les enregistrements se font entre 15\u00a0h\u00a000 et 21\u00a0h\u00a000.<\/li>\n<li>Les d\u00e9parts entre 08\u00a0h\u00a000 et 12\u00a0h\u00a000.<\/li>\n<\/ul>\n<p>Le personnel parle fran\u00e7ais et anglais.<\/p>\n<p>L&rsquo;ensemble de l&rsquo;\u00e9tablissement est non fumeur. Les animaux domestiques ne sont pas autoris\u00e9s.<\/p>\n<p>Vous pouvez vous garer gratuitement \u00e0 proximit\u00e9 des G\u00eetes.<\/p>\n<p>La place du village compte un boulanger\/p\u00e2tissier et un buraliste o\u00f9 vous pouvez acheter votre journal. Le village abrite \u00e9galement une pharmacie, un salon de coiffure et un bureau de poste. Pour d\u00e9couvrir les autres particularit\u00e9s des environs, consultez l&rsquo;onglet <span style=\"text-decoration: underline;\"><span style=\"color: #6c6c6c;\"><a style=\"color: #6c6c6c;\" href=\"http:\/\/www.giteslelancelot.nl\/omgeving\/\"><strong>Environs<\/strong><\/a><\/span><\/span>.<\/p>\n<p>Toutes les chambres sont \u00e9quip\u00e9es d&rsquo;une connexion Wi-Fi gratuite.<\/p>\n<p>Le petit-d\u00e9jeuner fran\u00e7ais <span class=\"Y2IQFc\" lang=\"fr\">\u00e0 partir de 8 euros <\/span><span class=\"Y2IQFc\" lang=\"fr\">par personne <\/span><span class=\"Y2IQFc\" lang=\"fr\">est servi \u00e0 l&rsquo;Auberge Le Lancelot.<br \/>\n<\/span>Le petit-d\u00e9jeuner traditionnel fran\u00e7ais se compose d&rsquo;un croissant frais, d&rsquo;une baguette, de confiture\/beurre et de caf\u00e9\/th\u00e9.<\/p>\n<p><a href=\"http:\/\/www.giteslelancelot.nl\/wp-content\/uploads\/2014\/03\/IMG_1579.jpg\" data-rel=\"prettyPhoto[521]\" rel=\"attachment wp-att-303\"><img loading=\"lazy\" decoding=\"async\" src=\"http:\/\/www.giteslelancelot.nl\/wp-content\/uploads\/2014\/03\/IMG_1579-950x640.jpg\" alt=\"IMG_1579\" width=\"700\" height=\"472\" \/><\/a><\/p>\n","protected":false},"excerpt":{"rendered":"<p>R\u00e9cemment, les G\u00eetes ont \u00e9t\u00e9 enti\u00e8rement r\u00e9nov\u00e9s et pourvus de tout le confort moderne. Toutes les chambres sont \u00e9quip\u00e9es de lits Queen Size extr\u00eamement confortables \u00e0 utiliser en configuration deux lits 1 personne (90 x 200) ou un lit 2 personnes (180 x 200). La nuit de repos sera douce.[&#8230;]<\/p>\n","protected":false},"author":2,"featured_media":0,"parent":0,"menu_order":0,"comment_status":"open","ping_status":"open","template":"template-fullwidth.php","meta":{"om_disable_all_campaigns":false,"_exactmetrics_skip_tracking":false,"_exactmetrics_sitenote_active":false,"_exactmetrics_sitenote_note":"","_exactmetrics_sitenote_category":0,"_monsterinsights_skip_tracking":false,"_monsterinsights_sitenote_active":false,"_monsterinsights_sitenote_note":"","_monsterinsights_sitenote_category":0,"_uf_show_specific_survey":0,"_uf_disable_surveys":false,"footnotes":""},"class_list":["post-521","page","type-page","status-publish","hentry"],"aioseo_notices":[],"_links":{"self":[{"href":"https:\/\/www.giteslelancelot.nl\/fr\/wp-json\/wp\/v2\/pages\/521","targetHints":{"allow":["GET"]}}],"collection":[{"href":"https:\/\/www.giteslelancelot.nl\/fr\/wp-json\/wp\/v2\/pages"}],"about":[{"href":"https:\/\/www.giteslelancelot.nl\/fr\/wp-json\/wp\/v2\/types\/page"}],"author":[{"embeddable":true,"href":"https:\/\/www.giteslelancelot.nl\/fr\/wp-json\/wp\/v2\/users\/2"}],"replies":[{"embeddable":true,"href":"https:\/\/www.giteslelancelot.nl\/fr\/wp-json\/wp\/v2\/comments?post=521"}],"version-history":[{"count":21,"href":"https:\/\/www.giteslelancelot.nl\/fr\/wp-json\/wp\/v2\/pages\/521\/revisions"}],"predecessor-version":[{"id":1769,"href":"https:\/\/www.giteslelancelot.nl\/fr\/wp-json\/wp\/v2\/pages\/521\/revisions\/1769"}],"wp:attachment":[{"href":"https:\/\/www.giteslelancelot.nl\/fr\/wp-json\/wp\/v2\/media?parent=521"}],"curies":[{"name":"wp","href":"https:\/\/api.w.org\/{rel}","templated":true}]}}