{"id":524,"date":"2016-07-11T14:22:52","date_gmt":"2016-07-11T12:22:52","guid":{"rendered":"http:\/\/www.giteslelancelot.nl\/?page_id=524"},"modified":"2021-03-04T13:35:06","modified_gmt":"2021-03-04T12:35:06","slug":"avis","status":"publish","type":"page","link":"https:\/\/www.giteslelancelot.nl\/fr\/avis\/","title":{"rendered":"Avis"},"content":{"rendered":"\n\t<p>Nous ne sommes jamais plus heureux que quand nos clients sont satisfaits. Veuillez trouver ci-dessous plusieurs avis laiss\u00e9s par nos clients.<\/p>\n<p>Patrick:<\/p>\n<blockquote><p>Parfait! L&rsquo;accueil, la disponibilit\u00e9, la possibilit\u00e9 de se faire \u00e0 manger, la qualit\u00e9 du petit d\u00e9jeuner. Mais aussi la chambre spacieuse, l&rsquo;\u00e9l\u00e9gante salle de bains, l&rsquo;environnement et le village.<\/p><\/blockquote>\n<p>Beatrice:<\/p>\n<blockquote><p>Exceptionnel. Le village, la chambre et l accueil&#8230;. superbe !!!<\/p><\/blockquote>\n<p>Marie-Pierre:<\/p>\n<blockquote><p>Un s\u00e9jour plein de charme et d\u2019authenticit\u00e9Le g\u00eete le Lancelot se situe dans un tr\u00e8s beau village . Vue magnifique. Tr\u00e8s bien restaur\u00e9, il a gard\u00e9 le charme d\u2019antan . Literie Tr\u00e8s confortable et propret\u00e9 irr\u00e9prochable. Calme assur\u00e9. Virginie et Eric qui le tiennent l\u2019auberge y cr\u00e9ent une ambiance sympathique et conviviale.<\/p><\/blockquote>\n<p>Eric:<\/p>\n<blockquote>Tout!<br \/>\nGrande chambre enti\u00e8rement r\u00e9nov\u00e9e et tr\u00e8s confortable.<br \/>\nTout est parfait<\/blockquote>\n<p>Evelyne:<\/p>\n<blockquote><p>Tres jolie chambre dans une ancienne maison entierement r\u00e9nov\u00e9e avec go\u00fbt et des materiaux de qualit\u00e9 , endroit bien situ\u00e9 pour aller visiter la belle campagne Roannaise . tres bon rapport qualit\u00e9 prix<\/p><\/blockquote>\n<p>Audrey: <\/p>\n<blockquote><p>La situation de l&rsquo;\u00e9tablissement au c\u0153ur du village, la calme et la proximit\u00e9 de la nature. La disponibilit\u00e9 et la discr\u00e9tion du personnel et des g\u00e9rants<\/p><\/blockquote>\n<p>Bart\u00a0:<\/p>\n<blockquote><p><em>Un beau g\u00eete dans le centre du village m\u00e9di\u00e9val d&rsquo;Ambierle. Le studio avec kitchenette que nous avons r\u00e9serv\u00e9 nous a beaucoup plu. La chambre \u00e9tait joliment d\u00e9cor\u00e9e \u00e0 grand renfort de d\u00e9tails anciens.\u00a0Les lits \u00e9taient tr\u00e8s confortables et le petit-d\u00e9jeuner traditionnel fran\u00e7ais un vrai r\u00e9gal.\u00a0Le g\u00eete est id\u00e9alement situ\u00e9 pour partir \u00e0 la d\u00e9couverte de cette magnifique r\u00e9gion. Nous avons visit\u00e9 quelques petits ch\u00e2teaux de la Loire, d\u00e9couvert des villages m\u00e9di\u00e9vaux, effectu\u00e9 de belles randonn\u00e9es, etc. Bref, l&rsquo;endroit r\u00eav\u00e9 pour passer d&rsquo;excellentes vacances sous le signe de la d\u00e9tente<\/em>.\u00a0<em>(Note\u00a0: 9)<\/em><\/p><\/blockquote>\n<p>Famille Bos\u00a0:<\/p>\n<blockquote><p><em>Les chambres sont tr\u00e8s luxueuses. Tout a \u00e9t\u00e9 r\u00e9fl\u00e9chi jusque dans les moindres d\u00e9tails. Des chambres modernes, \u00e9l\u00e9gantes, tr\u00e8s confortables. Les lits, eux aussi, sont extr\u00eamement confortables. Le Wi-Fi fonctionne parfaitement. Nos enfants (10 et 12\u00a0ans) ont beaucoup appr\u00e9ci\u00e9 la grande salle de bains, les serviettes extr\u00eamement douces et les savons d\u00e9licieusement parfum\u00e9s. Le service est excellent et le personnel tr\u00e8s amical. Le restaurant est dirig\u00e9 par deux dames de la r\u00e9gion \u00e0 l&rsquo;enthousiasme contagieux qui pr\u00e9parent de d\u00e9licieux plats locaux avec amour et passion. Bref, une adresse \u00e0 d\u00e9couvrir\u00a0!<\/em> (<em>Note\u00a0: 9)<\/em><\/p><\/blockquote>\n<p>Fran\u00e7ois\u00a0:<\/p>\n<blockquote><p><em>Un endroit calme au centre d&rsquo;un village agr\u00e9able et tr\u00e8s accueillant. (Note\u00a0: 8,3)<\/em><\/p><\/blockquote>\n<p>Julien\u00a0:<\/p>\n<blockquote><p><em>Un endroit parfait pour faire une pause et bien manger.\u00a0Tout a \u00e9t\u00e9 r\u00e9nov\u00e9 au cours des derniers mois. Une tr\u00e8s belle chambre au-dessus d&rsquo;un superbe restaurant en plein c\u0153ur d&rsquo;un village on ne peut plus charmant.\u00a0(Note\u00a0: 9,2)<\/em><\/p><\/blockquote>\n<p>Nahaa\u00a0:<\/p>\n<blockquote><p><em>Nous avons \u00e9t\u00e9 les premiers \u00e0 s\u00e9journer dans cette chambre.\u00a0Je ne savais pas qu&rsquo;Ambierle \u00e9tait un si joli hameau.\u00a0Le vendredi soir, il y avait une f\u00eate de village avec des commer\u00e7ants et des artisans. On a mang\u00e9 et on a bu un verre dans la rue, on a rencontr\u00e9 d&rsquo;autres visiteurs\u2026 C&rsquo;\u00e9tait vraiment sympa.\u00a0(Note\u00a0: 10)<\/em><\/p><\/blockquote>\n<p>Brian\u00a0:<\/p>\n<blockquote><p><em>Bien.\u00a0\u00c0 l&rsquo;entr\u00e9e d&rsquo;Ambierle, juste \u00e0 c\u00f4t\u00e9 des tours, se trouve un petit caf\u00e9\/restaurant dont la terrasse donne sur la place. Le lieu plonge les clients en plein c\u0153ur de la vie de ce tr\u00e8s joli village. Nous avons re\u00e7u un accueil tr\u00e8s chaleureux.\u00a0(Note\u00a0: 7.5)<\/em><\/p><\/blockquote>\n<h2><strong>D&rsquo;autres personnes ont \u00e9crit\u00a0:<\/strong><\/h2>\n<blockquote><p><em>Ce type d&rsquo;\u00e9tablissement manquait \u00e0 ce village pittoresque. Lancelot est un lieu de rencontre id\u00e9al pour la population locale. Ambiance d\u00e9contract\u00e9e, bon restaurant. Avec la famille, nous avons opt\u00e9 pour un menu. La nourriture \u00e9tait d\u00e9licieuse, traditionnelle et les vins locaux tr\u00e8s bons. Nous reviendrons bient\u00f4t pour essayer d&rsquo;autres menus. L&rsquo;h\u00f4tel vaut vraiment le d\u00e9tour\u00a0!<\/em><\/p>\n<p><em>Lancelot offre un bon rapport qualit\u00e9-prix pour un d\u00eener dans une ambiance chaleureuse et conviviale. La nourriture est raffin\u00e9e, les plats \u00e0 la fois app\u00e9tissants et d\u00e9licieux.<\/em><\/p>\n<p><em>Nous \u00e9tions en camping-car quand nous avons d\u00e9couvert ce village par hasard. Au fil de nos voyages en camping-car, nous avons d\u00e9couvert toutes sortes de lieux et nous sommes particuli\u00e8rement heureux que cet h\u00f4tel se soit trouv\u00e9 sur notre chemin. Les produits \u00e9taient de qualit\u00e9 et la nourriture tout simplement d\u00e9licieuse. Par ailleurs, le personnel est tr\u00e8s accueillant. Nous avons pass\u00e9 un tr\u00e8s bon moment, pour un prix raisonnable et nous sommes partis avec le sourire. Pendant notre visite, nous avons entendu dire que l&rsquo;h\u00f4tel n&rsquo;avait ouvert ses portes que r\u00e9cemment. Je n&rsquo;ai qu&rsquo;une chose \u00e0 dire aux propri\u00e9taires\u00a0: ne changez rien\u00a0! Nous recommandons fortement les G\u00eetes Le Lancelot et le restaurant.<\/em><\/p>\n<p><em>D\u00e9couvrez sans attendre ce petit restaurant chaleureux et accueillant. Les plats y sont magnifiquement pr\u00e9par\u00e9s. Essayez la salade aux escargots. Le patron nous a \u00e9galement prodigu\u00e9 de pr\u00e9cieux conseils sur les vins et les viticulteurs locaux. Nous avons pass\u00e9 un tr\u00e8s bon moment sur la magnifique terrasse.<\/em><\/p><\/blockquote>\n<p>Pour obtenir plus d&rsquo;avis, consultez\u00a0<a href=\"http:\/\/www.booking.com\/hotel\/fr\/gites-le-lancelot.nl.html#tab-reviews\"><strong>Booking.com<\/strong><\/a>,\u00a0<a href=\"http:\/\/www.zoover.nl\/frankrijk\/rhone-alps\/ambierle\/gites-le-lancelot\/bed-and-breakfast\"><strong>Tripadvisor<\/strong><\/a>,\u00a0<a href=\"http:\/\/www.zoover.nl\/frankrijk\/rhone-alps\/ambierle\/gites-le-lancelot\/bed-and-breakfast\"><strong>Zoover<\/strong><\/a>\u00a0et\u00a0<a href=\"https:\/\/www.yelp.com\/biz\/gites-le-lancelot-ambierle\"><strong>Yelp<\/strong><\/a>.<\/p>\n<p>&nbsp;<\/p>\n","protected":false},"excerpt":{"rendered":"<p>Nous ne sommes jamais plus heureux que quand nos clients sont satisfaits. Veuillez trouver ci-dessous plusieurs avis laiss\u00e9s par nos clients. Patrick: Parfait! L&rsquo;accueil, la disponibilit\u00e9, la possibilit\u00e9 de se faire \u00e0 manger, la qualit\u00e9 du petit d\u00e9jeuner. Mais aussi la chambre spacieuse, l&rsquo;\u00e9l\u00e9gante salle de bains, l&rsquo;environnement et le[&#8230;]<\/p>\n","protected":false},"author":2,"featured_media":0,"parent":0,"menu_order":0,"comment_status":"closed","ping_status":"closed","template":"template-fullwidth.php","meta":{"om_disable_all_campaigns":false,"_exactmetrics_skip_tracking":false,"_exactmetrics_sitenote_active":false,"_exactmetrics_sitenote_note":"","_exactmetrics_sitenote_category":0,"_monsterinsights_skip_tracking":false,"_monsterinsights_sitenote_active":false,"_monsterinsights_sitenote_note":"","_monsterinsights_sitenote_category":0,"_uf_show_specific_survey":0,"_uf_disable_surveys":false,"footnotes":""},"class_list":["post-524","page","type-page","status-publish","hentry"],"aioseo_notices":[],"_links":{"self":[{"href":"https:\/\/www.giteslelancelot.nl\/fr\/wp-json\/wp\/v2\/pages\/524","targetHints":{"allow":["GET"]}}],"collection":[{"href":"https:\/\/www.giteslelancelot.nl\/fr\/wp-json\/wp\/v2\/pages"}],"about":[{"href":"https:\/\/www.giteslelancelot.nl\/fr\/wp-json\/wp\/v2\/types\/page"}],"author":[{"embeddable":true,"href":"https:\/\/www.giteslelancelot.nl\/fr\/wp-json\/wp\/v2\/users\/2"}],"replies":[{"embeddable":true,"href":"https:\/\/www.giteslelancelot.nl\/fr\/wp-json\/wp\/v2\/comments?post=524"}],"version-history":[{"count":6,"href":"https:\/\/www.giteslelancelot.nl\/fr\/wp-json\/wp\/v2\/pages\/524\/revisions"}],"predecessor-version":[{"id":1122,"href":"https:\/\/www.giteslelancelot.nl\/fr\/wp-json\/wp\/v2\/pages\/524\/revisions\/1122"}],"wp:attachment":[{"href":"https:\/\/www.giteslelancelot.nl\/fr\/wp-json\/wp\/v2\/media?parent=524"}],"curies":[{"name":"wp","href":"https:\/\/api.w.org\/{rel}","templated":true}]}}