{"id":526,"date":"2016-07-11T14:31:35","date_gmt":"2016-07-11T12:31:35","guid":{"rendered":"http:\/\/www.giteslelancelot.nl\/?page_id=526"},"modified":"2022-11-09T23:43:16","modified_gmt":"2022-11-09T22:43:16","slug":"restaurant-auberge-le-lancelot","status":"publish","type":"page","link":"https:\/\/www.giteslelancelot.nl\/fr\/restaurant-auberge-le-lancelot\/","title":{"rendered":"Restaurant Auberge Le Lancelot"},"content":{"rendered":"<p>Les G\u00eetes Le Lancelot abritent le restaurant <span style=\"text-decoration: underline;\"><strong><span style=\"color: #6c6c6c;\"><a style=\"color: #6c6c6c; text-decoration: underline;\" href=\"http:\/\/aubergelelancelot.fr\/\">Auberge Le Lancelot<\/a><\/span><\/strong><\/span> o\u00f9 vous pouvez d\u00e9couvrir les sp\u00e9cialit\u00e9s culinaires locales et les vins r\u00e9gionaux. Le restaurant comprend une salle de r\u00e9union\/f\u00eate que vous pouvez louer pour diverses occasions. Le petit-d\u00e9jeuner traditionnel fran\u00e7ais est servi dans le restaurant. Vous pouvez \u00e9galement d\u00eener dans le restaurant ou prendre place en terrasse pendant l&rsquo;apr\u00e8s-midi pour profiter de la vue.<\/p>\n<p><a href=\"http:\/\/www.giteslelancelot.nl\/wp-content\/uploads\/2016\/01\/IMG_3882.jpg\" data-rel=\"prettyPhoto[526]\"><img fetchpriority=\"high\" decoding=\"async\" src=\"http:\/\/www.giteslelancelot.nl\/wp-content\/uploads\/2016\/01\/IMG_3882.jpg\" alt=\"IMG_3882\" width=\"1000\" height=\"667\" \/><\/a><\/p>\n<p>Pour obtenir plus d&rsquo;informations sur le restaurant Auberge Le Lancelot, veuillez consulter le\u00a0<span style=\"text-decoration: underline;\"><strong><span style=\"color: #6c6c6c;\"><a style=\"color: #6c6c6c; text-decoration: underline;\" href=\"http:\/\/aubergelelancelot.fr\/\">site Internet<\/a><\/span><\/strong><\/span>.<\/p>\n","protected":false},"excerpt":{"rendered":"<p>Les G\u00eetes Le Lancelot abritent le restaurant Auberge Le Lancelot o\u00f9 vous pouvez d\u00e9couvrir les sp\u00e9cialit\u00e9s culinaires locales et les vins r\u00e9gionaux. Le restaurant comprend une salle de r\u00e9union\/f\u00eate que vous pouvez louer pour diverses occasions. Le petit-d\u00e9jeuner traditionnel fran\u00e7ais est servi dans le restaurant. Vous pouvez \u00e9galement d\u00eener dans[&#8230;]<\/p>\n","protected":false},"author":2,"featured_media":0,"parent":0,"menu_order":0,"comment_status":"closed","ping_status":"closed","template":"template-fullwidth.php","meta":{"om_disable_all_campaigns":false,"_exactmetrics_skip_tracking":false,"_exactmetrics_sitenote_active":false,"_exactmetrics_sitenote_note":"","_exactmetrics_sitenote_category":0,"_monsterinsights_skip_tracking":false,"_monsterinsights_sitenote_active":false,"_monsterinsights_sitenote_note":"","_monsterinsights_sitenote_category":0,"_uf_show_specific_survey":0,"_uf_disable_surveys":false,"footnotes":""},"class_list":["post-526","page","type-page","status-publish","hentry"],"aioseo_notices":[],"_links":{"self":[{"href":"https:\/\/www.giteslelancelot.nl\/fr\/wp-json\/wp\/v2\/pages\/526","targetHints":{"allow":["GET"]}}],"collection":[{"href":"https:\/\/www.giteslelancelot.nl\/fr\/wp-json\/wp\/v2\/pages"}],"about":[{"href":"https:\/\/www.giteslelancelot.nl\/fr\/wp-json\/wp\/v2\/types\/page"}],"author":[{"embeddable":true,"href":"https:\/\/www.giteslelancelot.nl\/fr\/wp-json\/wp\/v2\/users\/2"}],"replies":[{"embeddable":true,"href":"https:\/\/www.giteslelancelot.nl\/fr\/wp-json\/wp\/v2\/comments?post=526"}],"version-history":[{"count":8,"href":"https:\/\/www.giteslelancelot.nl\/fr\/wp-json\/wp\/v2\/pages\/526\/revisions"}],"predecessor-version":[{"id":1762,"href":"https:\/\/www.giteslelancelot.nl\/fr\/wp-json\/wp\/v2\/pages\/526\/revisions\/1762"}],"wp:attachment":[{"href":"https:\/\/www.giteslelancelot.nl\/fr\/wp-json\/wp\/v2\/media?parent=526"}],"curies":[{"name":"wp","href":"https:\/\/api.w.org\/{rel}","templated":true}]}}